{"id":148,"date":"2024-09-18T22:41:23","date_gmt":"2024-09-18T20:41:23","guid":{"rendered":"https:\/\/www.membranair.com\/?page_id=148"},"modified":"2024-09-18T22:42:49","modified_gmt":"2024-09-18T20:42:49","slug":"produits","status":"publish","type":"page","link":"https:\/\/www.membranair.com\/?page_id=148","title":{"rendered":"Produits"},"content":{"rendered":"\t\t<div data-elementor-type=\"wp-page\" data-elementor-id=\"148\" class=\"elementor elementor-148\">\n\t\t\t\t<div class=\"elementor-element elementor-element-6b2f4e6d e-flex e-con-boxed e-con e-parent\" data-id=\"6b2f4e6d\" data-element_type=\"container\" data-core-v316-plus=\"true\">\n\t\t\t\t\t<div class=\"e-con-inner\">\n\t\t\t\t<div class=\"elementor-element elementor-element-22c70045 elementor-widget elementor-widget-text-editor\" data-id=\"22c70045\" data-element_type=\"widget\" data-widget_type=\"text-editor.default\">\n\t\t\t\t<div class=\"elementor-widget-container\">\n\t\t\t<style>\/*! elementor - v3.20.0 - 26-03-2024 *\/\n.elementor-widget-text-editor.elementor-drop-cap-view-stacked .elementor-drop-cap{background-color:#69727d;color:#fff}.elementor-widget-text-editor.elementor-drop-cap-view-framed .elementor-drop-cap{color:#69727d;border:3px solid;background-color:transparent}.elementor-widget-text-editor:not(.elementor-drop-cap-view-default) .elementor-drop-cap{margin-top:8px}.elementor-widget-text-editor:not(.elementor-drop-cap-view-default) .elementor-drop-cap-letter{width:1em;height:1em}.elementor-widget-text-editor .elementor-drop-cap{float:left;text-align:center;line-height:1;font-size:50px}.elementor-widget-text-editor .elementor-drop-cap-letter{display:inline-block}<\/style>\t\t\t\t<!-- wp:paragraph -->\n<p>MEMBRANAIR a d\u00e9velopp\u00e9 une large gamme de produits afin de s\u00e9curiser les contenants d\u2019\u00e9ventuelles pollutions. L\u2019innovation des produits vient d\u2019une longue exp\u00e9rience de transport des mati\u00e8res dangereuses comme l\u2019amiante par exemple. La solution unique de MEMBRANAIR a \u00e9t\u00e9 d\u00e9velopp\u00e9e \u00e0 l\u2019aide des utilisateurs et r\u00e9pond aux exigences m\u00e9tiers. Cette s\u00e9curit\u00e9 suppl\u00e9mentaire ne se substitue pas aux conditionnements r\u00e8glementaires, mais apporte une solution aux conditions r\u00e9elles de transports. Le d\u00e9veloppement de la gamme a \u00e9t\u00e9 longuement r\u00e9fl\u00e9chie afin de mettre \u00e0 disposition des utilisateurs des produits de grandes qualit\u00e9s, tr\u00e8s efficaces et faciles d\u2019utilisations<\/p>\n<!-- \/wp:paragraph -->\n\n<!-- wp:paragraph -->\n<p><\/p>\n<!-- \/wp:paragraph -->\t\t\t\t\t\t<\/div>\n\t\t\t\t<\/div>\n\t\t\t\t\t<\/div>\n\t\t\t\t<\/div>\n\t\t<div class=\"elementor-element elementor-element-97a34a1 e-flex e-con-boxed e-con e-parent\" data-id=\"97a34a1\" data-element_type=\"container\" data-core-v316-plus=\"true\">\n\t\t\t\t\t<div class=\"e-con-inner\">\n\t\t\t\t<div class=\"elementor-element elementor-element-d4b4599 elementor-widget elementor-widget-heading\" data-id=\"d4b4599\" data-element_type=\"widget\" data-widget_type=\"heading.default\">\n\t\t\t\t<div class=\"elementor-widget-container\">\n\t\t\t<style>\/*! elementor - v3.20.0 - 26-03-2024 *\/\n.elementor-heading-title{padding:0;margin:0;line-height:1}.elementor-widget-heading .elementor-heading-title[class*=elementor-size-]>a{color:inherit;font-size:inherit;line-height:inherit}.elementor-widget-heading .elementor-heading-title.elementor-size-small{font-size:15px}.elementor-widget-heading .elementor-heading-title.elementor-size-medium{font-size:19px}.elementor-widget-heading .elementor-heading-title.elementor-size-large{font-size:29px}.elementor-widget-heading .elementor-heading-title.elementor-size-xl{font-size:39px}.elementor-widget-heading .elementor-heading-title.elementor-size-xxl{font-size:59px}<\/style><h2 class=\"elementor-heading-title elementor-size-default\">C-40 et C-20<\/h2>\t\t<\/div>\n\t\t\t\t<\/div>\n\t\t\t\t\t<\/div>\n\t\t\t\t<\/div>\n\t\t<div class=\"elementor-element elementor-element-e64c582 e-flex e-con-boxed e-con e-parent\" data-id=\"e64c582\" data-element_type=\"container\" data-core-v316-plus=\"true\">\n\t\t\t\t\t<div class=\"e-con-inner\">\n\t\t\t\t<div class=\"elementor-element elementor-element-b84424f elementor-widget elementor-widget-text-editor\" data-id=\"b84424f\" data-element_type=\"widget\" data-widget_type=\"text-editor.default\">\n\t\t\t\t<div class=\"elementor-widget-container\">\n\t\t\t\t\t\t\t<p>C-40 et C-20 sont les solutions de protection adapt\u00e9es \u00e0 vos conteneurs 40 et 20 pieds. Id\u00e9al pour s\u00e9curiser vos conteneurs, C-40 et C-20 sont adapt\u00e9s aux conteneurs gr\u00e2ce aux innovations MEMBRANAIR. Les versions MEMBRANAIR C-40 et C-20 existent aussi en versions renforc\u00e9es.<\/p>\t\t\t\t\t\t<\/div>\n\t\t\t\t<\/div>\n\t\t\t\t\t<\/div>\n\t\t\t\t<\/div>\n\t\t<div class=\"elementor-element elementor-element-798f609 e-flex e-con-boxed e-con e-parent\" data-id=\"798f609\" data-element_type=\"container\" data-core-v316-plus=\"true\">\n\t\t\t\t\t<div class=\"e-con-inner\">\n\t\t\t\t<div class=\"elementor-element elementor-element-8986808 elementor-widget elementor-widget-image\" data-id=\"8986808\" data-element_type=\"widget\" data-widget_type=\"image.default\">\n\t\t\t\t<div class=\"elementor-widget-container\">\n\t\t\t<style>\/*! elementor - v3.20.0 - 26-03-2024 *\/\n.elementor-widget-image{text-align:center}.elementor-widget-image a{display:inline-block}.elementor-widget-image a img[src$=\".svg\"]{width:48px}.elementor-widget-image img{vertical-align:middle;display:inline-block}<\/style>\t\t\t\t\t\t\t\t\t\t<img fetchpriority=\"high\" decoding=\"async\" width=\"674\" height=\"423\" src=\"https:\/\/www.membranair.com\/wp-content\/uploads\/2021\/03\/C40A.png\" class=\"attachment-large size-large wp-image-48\" alt=\"\" srcset=\"https:\/\/www.membranair.com\/wp-content\/uploads\/2021\/03\/C40A.png 674w, https:\/\/www.membranair.com\/wp-content\/uploads\/2021\/03\/C40A-300x188.png 300w\" sizes=\"(max-width: 674px) 100vw, 674px\" \/>\t\t\t\t\t\t\t\t\t\t\t\t\t<\/div>\n\t\t\t\t<\/div>\n\t\t\t\t\t<\/div>\n\t\t\t\t<\/div>\n\t\t<div class=\"elementor-element elementor-element-c5b9a7c e-flex e-con-boxed e-con e-parent\" data-id=\"c5b9a7c\" data-element_type=\"container\" data-core-v316-plus=\"true\">\n\t\t\t\t\t<div class=\"e-con-inner\">\n\t\t\t\t<div class=\"elementor-element elementor-element-acb7e28 elementor-widget elementor-widget-text-editor\" data-id=\"acb7e28\" data-element_type=\"widget\" data-widget_type=\"text-editor.default\">\n\t\t\t\t<div class=\"elementor-widget-container\">\n\t\t\t\t\t\t\t <h2>INFORMATIONS PRODUITS :<\/h2>\n            <ul>\n                <li>Enveloppe double peaux (polypropyl\u00e8ne et poly\u00e9thyl\u00e8ne).<\/li>\n                <li>Double zip de fermeture.<\/li>\n                <li>Sol renforc\u00e9.<\/li>\n                <li>Attaches internes et externes.<\/li>\n                <li>Orifices d&rsquo;aspirations des polluants.<\/li>\n                <li>Ouverture par l&rsquo;arri\u00e8re.<\/li>\n            <\/ul>\n\n<h4>DIMENSIONS :<\/h4>\n<table>\n<tbody>\n<tr>\n<th>R\u00e9f\u00e9rences<\/th>\n<th>Longueur (cm)<\/th>\n<th>Largeur (cm)<\/th>\n<th>Hauteur (cm)<\/th>\n<\/tr>\n<tr>\n<td>C-20<\/td>\n<td>580<\/td>\n<td>230<\/td>\n<td>230<\/td>\n<\/tr>\n<tr>\n<td>C-40<\/td>\n<td>1195<\/td>\n<td>230<\/td>\n<td>230<\/td>\n<\/tr>\n<\/tbody>\n<\/table>\n<p>Les dimensions sont en cm<\/p>\t\t\t\t\t\t<\/div>\n\t\t\t\t<\/div>\n\t\t\t\t\t<\/div>\n\t\t\t\t<\/div>\n\t\t<div class=\"elementor-element elementor-element-c5fdb17 e-flex e-con-boxed e-con e-parent\" data-id=\"c5fdb17\" data-element_type=\"container\" data-core-v316-plus=\"true\">\n\t\t\t\t\t<div class=\"e-con-inner\">\n\t\t\t\t<div class=\"elementor-element elementor-element-b9a3af9 elementor-widget elementor-widget-image\" data-id=\"b9a3af9\" data-element_type=\"widget\" data-widget_type=\"image.default\">\n\t\t\t\t<div class=\"elementor-widget-container\">\n\t\t\t\t\t\t\t\t\t\t\t\t\t<img decoding=\"async\" width=\"365\" height=\"487\" src=\"https:\/\/www.membranair.com\/wp-content\/uploads\/2024\/09\/c40.jpg\" class=\"attachment-large size-large wp-image-134\" alt=\"\" srcset=\"https:\/\/www.membranair.com\/wp-content\/uploads\/2024\/09\/c40.jpg 365w, https:\/\/www.membranair.com\/wp-content\/uploads\/2024\/09\/c40-225x300.jpg 225w\" sizes=\"(max-width: 365px) 100vw, 365px\" \/>\t\t\t\t\t\t\t\t\t\t\t\t\t<\/div>\n\t\t\t\t<\/div>\n\t\t\t\t\t<\/div>\n\t\t\t\t<\/div>\n\t\t<div class=\"elementor-element elementor-element-8d94710 e-flex e-con-boxed e-con e-parent\" data-id=\"8d94710\" data-element_type=\"container\" data-core-v316-plus=\"true\">\n\t\t\t\t\t<div class=\"e-con-inner\">\n\t\t\t\t<div class=\"elementor-element elementor-element-f814d6e elementor-widget elementor-widget-heading\" data-id=\"f814d6e\" data-element_type=\"widget\" data-widget_type=\"heading.default\">\n\t\t\t\t<div class=\"elementor-widget-container\">\n\t\t\t<h2 class=\"elementor-heading-title elementor-size-default\">T-42<\/h2>\t\t<\/div>\n\t\t\t\t<\/div>\n\t\t\t\t<div class=\"elementor-element elementor-element-1d201a5 elementor-widget elementor-widget-text-editor\" data-id=\"1d201a5\" data-element_type=\"widget\" data-widget_type=\"text-editor.default\">\n\t\t\t\t<div class=\"elementor-widget-container\">\n\t\t\t\t\t\t\t<p>T42 est la solution de protection adapt\u00e9e \u00e0 vos camions type semi-remorque b\u00e2ch\u00e9s de 13.60 m de longueur. Id\u00e9al pour s\u00e9curiser vos camions, T42 est adapt\u00e9s aux camions gr\u00e2ce aux innovations MEMBRANAIR. La version MEMBRANAIR T42 existe aussi en version T20 pour camions de 7.5 T.<\/p>\t\t\t\t\t\t<\/div>\n\t\t\t\t<\/div>\n\t\t\t\t<div class=\"elementor-element elementor-element-c84c973 elementor-widget elementor-widget-image\" data-id=\"c84c973\" data-element_type=\"widget\" data-widget_type=\"image.default\">\n\t\t\t\t<div class=\"elementor-widget-container\">\n\t\t\t\t\t\t\t\t\t\t\t\t\t<img decoding=\"async\" width=\"992\" height=\"605\" src=\"https:\/\/www.membranair.com\/wp-content\/uploads\/2021\/03\/T42A.png\" class=\"attachment-large size-large wp-image-70\" alt=\"\" srcset=\"https:\/\/www.membranair.com\/wp-content\/uploads\/2021\/03\/T42A.png 992w, https:\/\/www.membranair.com\/wp-content\/uploads\/2021\/03\/T42A-300x183.png 300w, https:\/\/www.membranair.com\/wp-content\/uploads\/2021\/03\/T42A-768x468.png 768w\" sizes=\"(max-width: 992px) 100vw, 992px\" \/>\t\t\t\t\t\t\t\t\t\t\t\t\t<\/div>\n\t\t\t\t<\/div>\n\t\t\t\t<div class=\"elementor-element elementor-element-9e19b06 elementor-widget elementor-widget-text-editor\" data-id=\"9e19b06\" data-element_type=\"widget\" data-widget_type=\"text-editor.default\">\n\t\t\t\t<div class=\"elementor-widget-container\">\n\t\t\t\t\t\t\t<p>&nbsp;<\/p>\n<h2>INFORMATIONS PRODUITS :<\/h2>\n<ul>\n<li>Enveloppe double peaux (polypropyl\u00e8ne et poly\u00e9thyl\u00e8ne).<\/li>\n<!-- \/wp:list-item -->\n\n<!-- wp:list-item -->\n<li>Double zip de fermeture.<\/li>\n<!-- \/wp:list-item -->\n\n<!-- wp:list-item -->\n<li>Sol renforc\u00e9.<\/li>\n<!-- \/wp:list-item -->\n\n<!-- wp:list-item -->\n<li>Attaches internes et externes.<\/li>\n<!-- \/wp:list-item -->\n\n<!-- wp:list-item -->\n<li>Orifice d&rsquo;aspiration par l&rsquo;arri\u00e8re<\/li>\n<!-- \/wp:list-item -->\n\n<!-- wp:list-item -->\n<li>Longueur : 12,98 m<\/li>\n<!-- \/wp:list-item -->\n\n<!-- wp:list-item -->\n<li>Largeur : 2,33 m<\/li>\n<!-- \/wp:list-item -->\n\n<!-- wp:list-item -->\n<li>Hauteur : 2,30 m\u00a0<\/li>\n<!-- \/wp:list-item --><\/ul>\n<!-- \/wp:list --><\/li>\n<\/ul>\t\t\t\t\t\t<\/div>\n\t\t\t\t<\/div>\n\t\t\t\t\t<\/div>\n\t\t\t\t<\/div>\n\t\t<div class=\"elementor-element elementor-element-a3dc7a9 e-flex e-con-boxed e-con e-parent\" data-id=\"a3dc7a9\" data-element_type=\"container\" data-core-v316-plus=\"true\">\n\t\t\t\t\t<div class=\"e-con-inner\">\n\t\t\t\t\t<\/div>\n\t\t\t\t<\/div>\n\t\t\t\t<\/div>\n\t\t","protected":false},"excerpt":{"rendered":"<p>MEMBRANAIR a d\u00e9velopp\u00e9 une large gamme de produits afin de s\u00e9curiser les contenants d\u2019\u00e9ventuelles pollutions. L\u2019innovation des produits vient d\u2019une [&hellip;]<\/p>\n","protected":false},"author":1,"featured_media":0,"parent":0,"menu_order":0,"comment_status":"closed","ping_status":"closed","template":"","meta":{"site-sidebar-layout":"default","site-content-layout":"","ast-site-content-layout":"","site-content-style":"default","site-sidebar-style":"default","ast-global-header-display":"","ast-banner-title-visibility":"","ast-main-header-display":"","ast-hfb-above-header-display":"","ast-hfb-below-header-display":"","ast-hfb-mobile-header-display":"","site-post-title":"","ast-breadcrumbs-content":"","ast-featured-img":"","footer-sml-layout":"","theme-transparent-header-meta":"","adv-header-id-meta":"","stick-header-meta":"","header-above-stick-meta":"","header-main-stick-meta":"","header-below-stick-meta":"","astra-migrate-meta-layouts":"default","ast-page-background-enabled":"default","ast-page-background-meta":{"desktop":{"background-color":"var(--ast-global-color-4)","background-image":"","background-repeat":"repeat","background-position":"center center","background-size":"auto","background-attachment":"scroll","background-type":"","background-media":"","overlay-type":"","overlay-color":"","overlay-gradient":""},"tablet":{"background-color":"","background-image":"","background-repeat":"repeat","background-position":"center center","background-size":"auto","background-attachment":"scroll","background-type":"","background-media":"","overlay-type":"","overlay-color":"","overlay-gradient":""},"mobile":{"background-color":"","background-image":"","background-repeat":"repeat","background-position":"center center","background-size":"auto","background-attachment":"scroll","background-type":"","background-media":"","overlay-type":"","overlay-color":"","overlay-gradient":""}},"ast-content-background-meta":{"desktop":{"background-color":"var(--ast-global-color-5)","background-image":"","background-repeat":"repeat","background-position":"center center","background-size":"auto","background-attachment":"scroll","background-type":"","background-media":"","overlay-type":"","overlay-color":"","overlay-gradient":""},"tablet":{"background-color":"var(--ast-global-color-5)","background-image":"","background-repeat":"repeat","background-position":"center center","background-size":"auto","background-attachment":"scroll","background-type":"","background-media":"","overlay-type":"","overlay-color":"","overlay-gradient":""},"mobile":{"background-color":"var(--ast-global-color-5)","background-image":"","background-repeat":"repeat","background-position":"center center","background-size":"auto","background-attachment":"scroll","background-type":"","background-media":"","overlay-type":"","overlay-color":"","overlay-gradient":""}},"footnotes":""},"class_list":["post-148","page","type-page","status-publish","hentry"],"_links":{"self":[{"href":"https:\/\/www.membranair.com\/index.php?rest_route=\/wp\/v2\/pages\/148","targetHints":{"allow":["GET"]}}],"collection":[{"href":"https:\/\/www.membranair.com\/index.php?rest_route=\/wp\/v2\/pages"}],"about":[{"href":"https:\/\/www.membranair.com\/index.php?rest_route=\/wp\/v2\/types\/page"}],"author":[{"embeddable":true,"href":"https:\/\/www.membranair.com\/index.php?rest_route=\/wp\/v2\/users\/1"}],"replies":[{"embeddable":true,"href":"https:\/\/www.membranair.com\/index.php?rest_route=%2Fwp%2Fv2%2Fcomments&post=148"}],"version-history":[{"count":4,"href":"https:\/\/www.membranair.com\/index.php?rest_route=\/wp\/v2\/pages\/148\/revisions"}],"predecessor-version":[{"id":152,"href":"https:\/\/www.membranair.com\/index.php?rest_route=\/wp\/v2\/pages\/148\/revisions\/152"}],"wp:attachment":[{"href":"https:\/\/www.membranair.com\/index.php?rest_route=%2Fwp%2Fv2%2Fmedia&parent=148"}],"curies":[{"name":"wp","href":"https:\/\/api.w.org\/{rel}","templated":true}]}}