{"id":87,"date":"2024-04-03T14:36:16","date_gmt":"2024-04-03T12:36:16","guid":{"rendered":"https:\/\/www.membranair.com\/?page_id=87"},"modified":"2024-09-18T17:50:49","modified_gmt":"2024-09-18T15:50:49","slug":"accueil","status":"publish","type":"page","link":"https:\/\/www.membranair.com\/","title":{"rendered":"Accueil"},"content":{"rendered":"\t\t<div data-elementor-type=\"wp-page\" data-elementor-id=\"87\" class=\"elementor elementor-87\">\n\t\t\t\t<div class=\"elementor-element elementor-element-32f5771 e-flex e-con-boxed e-con e-parent\" data-id=\"32f5771\" data-element_type=\"container\" data-core-v316-plus=\"true\">\n\t\t\t\t\t<div class=\"e-con-inner\">\n\t\t\t\t<div class=\"elementor-element elementor-element-d7433ad elementor-widget elementor-widget-heading\" data-id=\"d7433ad\" data-element_type=\"widget\" data-widget_type=\"heading.default\">\n\t\t\t\t<div class=\"elementor-widget-container\">\n\t\t\t<style>\/*! elementor - v3.20.0 - 26-03-2024 *\/\n.elementor-heading-title{padding:0;margin:0;line-height:1}.elementor-widget-heading .elementor-heading-title[class*=elementor-size-]>a{color:inherit;font-size:inherit;line-height:inherit}.elementor-widget-heading .elementor-heading-title.elementor-size-small{font-size:15px}.elementor-widget-heading .elementor-heading-title.elementor-size-medium{font-size:19px}.elementor-widget-heading .elementor-heading-title.elementor-size-large{font-size:29px}.elementor-widget-heading .elementor-heading-title.elementor-size-xl{font-size:39px}.elementor-widget-heading .elementor-heading-title.elementor-size-xxl{font-size:59px}<\/style><h2 class=\"elementor-heading-title elementor-size-default\">MEMBRANAIR : LA SOLUTION DE PROTECTION ADAPT\u00c9E \u00c0 VOS CONTENEURS ET CAMIONS<\/h2>\t\t<\/div>\n\t\t\t\t<\/div>\n\t\t\t\t\t<\/div>\n\t\t\t\t<\/div>\n\t\t<div class=\"elementor-element elementor-element-41ba27e e-flex e-con-boxed e-con e-parent\" data-id=\"41ba27e\" data-element_type=\"container\" data-core-v316-plus=\"true\">\n\t\t\t\t\t<div class=\"e-con-inner\">\n\t\t\t\t<div class=\"elementor-element elementor-element-99a545d elementor-widget elementor-widget-image\" data-id=\"99a545d\" data-element_type=\"widget\" data-widget_type=\"image.default\">\n\t\t\t\t<div class=\"elementor-widget-container\">\n\t\t\t<style>\/*! elementor - v3.20.0 - 26-03-2024 *\/\n.elementor-widget-image{text-align:center}.elementor-widget-image a{display:inline-block}.elementor-widget-image a img[src$=\".svg\"]{width:48px}.elementor-widget-image img{vertical-align:middle;display:inline-block}<\/style>\t\t\t\t\t\t\t\t\t\t<img fetchpriority=\"high\" decoding=\"async\" width=\"674\" height=\"423\" src=\"https:\/\/www.membranair.com\/wp-content\/uploads\/2021\/03\/C40A.png\" class=\"attachment-large size-large wp-image-48\" alt=\"\" srcset=\"https:\/\/www.membranair.com\/wp-content\/uploads\/2021\/03\/C40A.png 674w, https:\/\/www.membranair.com\/wp-content\/uploads\/2021\/03\/C40A-300x188.png 300w\" sizes=\"(max-width: 674px) 100vw, 674px\" \/>\t\t\t\t\t\t\t\t\t\t\t\t\t<\/div>\n\t\t\t\t<\/div>\n\t\t\t\t\t<\/div>\n\t\t\t\t<\/div>\n\t\t<div class=\"elementor-element elementor-element-f12827d e-grid e-con-boxed e-con e-parent\" data-id=\"f12827d\" data-element_type=\"container\" data-core-v316-plus=\"true\">\n\t\t\t\t\t<div class=\"e-con-inner\">\n\t\t\t\t<div class=\"elementor-element elementor-element-14f4fd2 elementor-widget elementor-widget-text-editor\" data-id=\"14f4fd2\" data-element_type=\"widget\" data-widget_type=\"text-editor.default\">\n\t\t\t\t<div class=\"elementor-widget-container\">\n\t\t\t<style>\/*! elementor - v3.20.0 - 26-03-2024 *\/\n.elementor-widget-text-editor.elementor-drop-cap-view-stacked .elementor-drop-cap{background-color:#69727d;color:#fff}.elementor-widget-text-editor.elementor-drop-cap-view-framed .elementor-drop-cap{color:#69727d;border:3px solid;background-color:transparent}.elementor-widget-text-editor:not(.elementor-drop-cap-view-default) .elementor-drop-cap{margin-top:8px}.elementor-widget-text-editor:not(.elementor-drop-cap-view-default) .elementor-drop-cap-letter{width:1em;height:1em}.elementor-widget-text-editor .elementor-drop-cap{float:left;text-align:center;line-height:1;font-size:50px}.elementor-widget-text-editor .elementor-drop-cap-letter{display:inline-block}<\/style>\t\t\t\t<p>Protection Avanc\u00e9e : Les produits Membranair sont sp\u00e9cialement con\u00e7us pour offrir une protection avanc\u00e9e \u00e0 vos marchandises durant tout leur trajet. Nos membranes haute r\u00e9sistance et nos syst\u00e8mes de fixation s\u00e9curis\u00e9s garantissent une protection optimale contre les chocs, les vibrations et les conditions environnementales extr\u00eames.<\/p>\t\t\t\t\t\t<\/div>\n\t\t\t\t<\/div>\n\t\t\t\t<div class=\"elementor-element elementor-element-d1c543c elementor-widget elementor-widget-image\" data-id=\"d1c543c\" data-element_type=\"widget\" data-widget_type=\"image.default\">\n\t\t\t\t<div class=\"elementor-widget-container\">\n\t\t\t\t\t\t\t\t\t\t\t\t\t<img decoding=\"async\" width=\"540\" height=\"375\" src=\"https:\/\/www.membranair.com\/wp-content\/uploads\/2024\/04\/bateau.png\" class=\"attachment-large size-large wp-image-118\" alt=\"\" srcset=\"https:\/\/www.membranair.com\/wp-content\/uploads\/2024\/04\/bateau.png 540w, https:\/\/www.membranair.com\/wp-content\/uploads\/2024\/04\/bateau-300x208.png 300w\" sizes=\"(max-width: 540px) 100vw, 540px\" \/>\t\t\t\t\t\t\t\t\t\t\t\t\t<\/div>\n\t\t\t\t<\/div>\n\t\t\t\t<div class=\"elementor-element elementor-element-c08ec43 elementor-widget elementor-widget-image\" data-id=\"c08ec43\" data-element_type=\"widget\" data-widget_type=\"image.default\">\n\t\t\t\t<div class=\"elementor-widget-container\">\n\t\t\t\t\t\t\t\t\t\t\t\t\t<img decoding=\"async\" width=\"365\" height=\"487\" src=\"https:\/\/www.membranair.com\/wp-content\/uploads\/2024\/09\/c40.jpg\" class=\"attachment-large size-large wp-image-134\" alt=\"\" srcset=\"https:\/\/www.membranair.com\/wp-content\/uploads\/2024\/09\/c40.jpg 365w, https:\/\/www.membranair.com\/wp-content\/uploads\/2024\/09\/c40-225x300.jpg 225w\" sizes=\"(max-width: 365px) 100vw, 365px\" \/>\t\t\t\t\t\t\t\t\t\t\t\t\t<\/div>\n\t\t\t\t<\/div>\n\t\t\t\t<div class=\"elementor-element elementor-element-5fd9b8c elementor-widget elementor-widget-text-editor\" data-id=\"5fd9b8c\" data-element_type=\"widget\" data-widget_type=\"text-editor.default\">\n\t\t\t\t<div class=\"elementor-widget-container\">\n\t\t\t\t\t\t\t<p>Conformit\u00e9 aux Normes Internationales : Nous comprenons l&rsquo;importance de la conformit\u00e9 aux normes internationales en mati\u00e8re de transport de marchandises. C&rsquo;est pourquoi tous nos produits sont rigoureusement test\u00e9s et certifi\u00e9s pour r\u00e9pondre aux exigences des codes CTU, IMDG et de l&rsquo;ADR, assurant ainsi une conformit\u00e9 totale et une s\u00e9curit\u00e9 maximale lors du transport.<\/p>\t\t\t\t\t\t<\/div>\n\t\t\t\t<\/div>\n\t\t\t\t\t<\/div>\n\t\t\t\t<\/div>\n\t\t<div class=\"elementor-element elementor-element-ff39303 e-grid e-con-boxed e-con e-parent\" data-id=\"ff39303\" data-element_type=\"container\" data-core-v316-plus=\"true\">\n\t\t\t\t\t<div class=\"e-con-inner\">\n\t\t\t\t<div class=\"elementor-element elementor-element-d2bc148 elementor-widget elementor-widget-text-editor\" data-id=\"d2bc148\" data-element_type=\"widget\" data-widget_type=\"text-editor.default\">\n\t\t\t\t<div class=\"elementor-widget-container\">\n\t\t\t\t\t\t\t<p>Protection de l&rsquo;Environnement : Chez Membranair, nous sommes engag\u00e9s envers la protection de l&rsquo;environnement. Nos produits contribuent \u00e0 r\u00e9duire la pollution des conteneurs en minimisant les risques de fuites ou de d\u00e9versements de substances dangereuses pendant le transport.<\/p>\t\t\t\t\t\t<\/div>\n\t\t\t\t<\/div>\n\t\t\t\t<div class=\"elementor-element elementor-element-c16f009 elementor-widget elementor-widget-image\" data-id=\"c16f009\" data-element_type=\"widget\" data-widget_type=\"image.default\">\n\t\t\t\t<div class=\"elementor-widget-container\">\n\t\t\t\t\t\t\t\t\t\t\t\t\t<img loading=\"lazy\" decoding=\"async\" width=\"1024\" height=\"580\" src=\"https:\/\/www.membranair.com\/wp-content\/uploads\/2024\/04\/contmer-1024x580.jpg\" class=\"attachment-large size-large wp-image-126\" alt=\"\" srcset=\"https:\/\/www.membranair.com\/wp-content\/uploads\/2024\/04\/contmer-1024x580.jpg 1024w, https:\/\/www.membranair.com\/wp-content\/uploads\/2024\/04\/contmer-300x170.jpg 300w, https:\/\/www.membranair.com\/wp-content\/uploads\/2024\/04\/contmer-768x435.jpg 768w, https:\/\/www.membranair.com\/wp-content\/uploads\/2024\/04\/contmer.jpg 1200w\" sizes=\"(max-width: 1024px) 100vw, 1024px\" \/>\t\t\t\t\t\t\t\t\t\t\t\t\t<\/div>\n\t\t\t\t<\/div>\n\t\t\t\t<div class=\"elementor-element elementor-element-788c097 elementor-widget elementor-widget-image\" data-id=\"788c097\" data-element_type=\"widget\" data-widget_type=\"image.default\">\n\t\t\t\t<div class=\"elementor-widget-container\">\n\t\t\t\t\t\t\t\t\t\t\t\t\t<img loading=\"lazy\" decoding=\"async\" width=\"460\" height=\"290\" src=\"https:\/\/www.membranair.com\/wp-content\/uploads\/2024\/04\/desapnj.jpg\" class=\"attachment-large size-large wp-image-128\" alt=\"\" srcset=\"https:\/\/www.membranair.com\/wp-content\/uploads\/2024\/04\/desapnj.jpg 460w, https:\/\/www.membranair.com\/wp-content\/uploads\/2024\/04\/desapnj-300x189.jpg 300w\" sizes=\"(max-width: 460px) 100vw, 460px\" \/>\t\t\t\t\t\t\t\t\t\t\t\t\t<\/div>\n\t\t\t\t<\/div>\n\t\t\t\t<div class=\"elementor-element elementor-element-9dbbe27 elementor-widget elementor-widget-text-editor\" data-id=\"9dbbe27\" data-element_type=\"widget\" data-widget_type=\"text-editor.default\">\n\t\t\t\t<div class=\"elementor-widget-container\">\n\t\t\t\t\t\t\t<p>Sant\u00e9 Publique et S\u00e9curit\u00e9 des Travailleurs : La sant\u00e9 et la s\u00e9curit\u00e9 de votre personnel sont notre priorit\u00e9. Les produits Membranair sont con\u00e7us pour minimiser le risque d&rsquo;exposition \u00e0 des produits dangereux pour la sant\u00e9 lors du chargement, du d\u00e9chargement et de la manipulation des conteneurs. Nos solutions offrent une protection suppl\u00e9mentaire aux travailleurs en r\u00e9duisant le risque de fuites ou de d\u00e9versements de substances nocives.<\/p>\t\t\t\t\t\t<\/div>\n\t\t\t\t<\/div>\n\t\t\t\t\t<\/div>\n\t\t\t\t<\/div>\n\t\t<div class=\"elementor-element elementor-element-80e6f48 e-flex e-con-boxed e-con e-parent\" data-id=\"80e6f48\" data-element_type=\"container\" data-core-v316-plus=\"true\">\n\t\t\t\t\t<div class=\"e-con-inner\">\n\t\t<div class=\"elementor-element elementor-element-b0668c4 e-con-full e-flex e-con e-child\" data-id=\"b0668c4\" data-element_type=\"container\">\n\t\t\t\t<div class=\"elementor-element elementor-element-264129a elementor-widget elementor-widget-text-editor\" data-id=\"264129a\" data-element_type=\"widget\" data-widget_type=\"text-editor.default\">\n\t\t\t\t<div class=\"elementor-widget-container\">\n\t\t\t\t\t\t\t<p>Innovation et Fiabilit\u00e9 : Membranair se distingue par son caract\u00e8re innovant et fiable. Nous sommes fiers de poss\u00e9der un brevet qui atteste de notre approche novatrice dans le d\u00e9veloppement de solutions de protection des contenants. Notre \u00e9quipe d\u00e9vou\u00e9e travaille sans rel\u00e2che pour garantir la qualit\u00e9, la fiabilit\u00e9 et l&rsquo;efficacit\u00e9 de nos produits, offrant ainsi \u00e0 nos clients une tranquillit\u00e9 d&rsquo;esprit totale lors de leurs op\u00e9rations logistiques.<\/p>\t\t\t\t\t\t<\/div>\n\t\t\t\t<\/div>\n\t\t\t\t<\/div>\n\t\t<div class=\"elementor-element elementor-element-6d8042b e-con-full e-flex e-con e-child\" data-id=\"6d8042b\" data-element_type=\"container\">\n\t\t\t\t<div class=\"elementor-element elementor-element-a5f4d35 elementor-widget elementor-widget-image\" data-id=\"a5f4d35\" data-element_type=\"widget\" data-widget_type=\"image.default\">\n\t\t\t\t<div class=\"elementor-widget-container\">\n\t\t\t\t\t\t\t\t\t\t\t\t\t<img loading=\"lazy\" decoding=\"async\" width=\"342\" height=\"205\" src=\"https:\/\/www.membranair.com\/wp-content\/uploads\/2024\/04\/inpi.jpg\" class=\"attachment-large size-large wp-image-120\" alt=\"\" srcset=\"https:\/\/www.membranair.com\/wp-content\/uploads\/2024\/04\/inpi.jpg 342w, https:\/\/www.membranair.com\/wp-content\/uploads\/2024\/04\/inpi-300x180.jpg 300w\" sizes=\"(max-width: 342px) 100vw, 342px\" \/>\t\t\t\t\t\t\t\t\t\t\t\t\t<\/div>\n\t\t\t\t<\/div>\n\t\t\t\t<\/div>\n\t\t\t\t\t<\/div>\n\t\t\t\t<\/div>\n\t\t<div class=\"elementor-element elementor-element-da64a1a e-flex e-con-boxed e-con e-parent\" data-id=\"da64a1a\" data-element_type=\"container\" data-core-v316-plus=\"true\">\n\t\t\t\t\t<div class=\"e-con-inner\">\n\t\t\t\t<div class=\"elementor-element elementor-element-c5b646f elementor-widget elementor-widget-text-editor\" data-id=\"c5b646f\" data-element_type=\"widget\" data-widget_type=\"text-editor.default\">\n\t\t\t\t<div class=\"elementor-widget-container\">\n\t\t\t\t\t\t\t<p>Optez pour Membranair et offrez \u00e0 vos marchandises la protection qu&rsquo;elles m\u00e9ritent dans le monde exigeant du transport. Contactez-nous d\u00e8s aujourd&rsquo;hui pour d\u00e9couvrir comment nos solutions peuvent am\u00e9liorer la s\u00e9curit\u00e9, la durabilit\u00e9 et l&rsquo;efficacit\u00e9 de vos op\u00e9rations logistiques. Avec Membranair, transportez en toute confiance, o\u00f9 que vous alliez.<\/p>\t\t\t\t\t\t<\/div>\n\t\t\t\t<\/div>\n\t\t\t\t\t<\/div>\n\t\t\t\t<\/div>\n\t\t\t\t<\/div>\n\t\t","protected":false},"excerpt":{"rendered":"<p>MEMBRANAIR : LA SOLUTION DE PROTECTION ADAPT\u00c9E \u00c0 VOS CONTENEURS ET CAMIONS Protection Avanc\u00e9e : Les produits Membranair sont sp\u00e9cialement [&hellip;]<\/p>\n","protected":false},"author":1,"featured_media":0,"parent":0,"menu_order":0,"comment_status":"closed","ping_status":"closed","template":"","meta":{"site-sidebar-layout":"no-sidebar","site-content-layout":"","ast-site-content-layout":"full-width-container","site-content-style":"default","site-sidebar-style":"default","ast-global-header-display":"","ast-banner-title-visibility":"","ast-main-header-display":"","ast-hfb-above-header-display":"","ast-hfb-below-header-display":"","ast-hfb-mobile-header-display":"","site-post-title":"disabled","ast-breadcrumbs-content":"","ast-featured-img":"disabled","footer-sml-layout":"","theme-transparent-header-meta":"","adv-header-id-meta":"","stick-header-meta":"","header-above-stick-meta":"","header-main-stick-meta":"","header-below-stick-meta":"","astra-migrate-meta-layouts":"default","ast-page-background-enabled":"default","ast-page-background-meta":{"desktop":{"background-color":"var(--ast-global-color-4)","background-image":"","background-repeat":"repeat","background-position":"center center","background-size":"auto","background-attachment":"scroll","background-type":"","background-media":"","overlay-type":"","overlay-color":"","overlay-gradient":""},"tablet":{"background-color":"","background-image":"","background-repeat":"repeat","background-position":"center center","background-size":"auto","background-attachment":"scroll","background-type":"","background-media":"","overlay-type":"","overlay-color":"","overlay-gradient":""},"mobile":{"background-color":"","background-image":"","background-repeat":"repeat","background-position":"center center","background-size":"auto","background-attachment":"scroll","background-type":"","background-media":"","overlay-type":"","overlay-color":"","overlay-gradient":""}},"ast-content-background-meta":{"desktop":{"background-color":"var(--ast-global-color-5)","background-image":"","background-repeat":"repeat","background-position":"center center","background-size":"auto","background-attachment":"scroll","background-type":"","background-media":"","overlay-type":"","overlay-color":"","overlay-gradient":""},"tablet":{"background-color":"var(--ast-global-color-5)","background-image":"","background-repeat":"repeat","background-position":"center center","background-size":"auto","background-attachment":"scroll","background-type":"","background-media":"","overlay-type":"","overlay-color":"","overlay-gradient":""},"mobile":{"background-color":"var(--ast-global-color-5)","background-image":"","background-repeat":"repeat","background-position":"center center","background-size":"auto","background-attachment":"scroll","background-type":"","background-media":"","overlay-type":"","overlay-color":"","overlay-gradient":""}},"footnotes":""},"class_list":["post-87","page","type-page","status-publish","hentry"],"_links":{"self":[{"href":"https:\/\/www.membranair.com\/index.php?rest_route=\/wp\/v2\/pages\/87","targetHints":{"allow":["GET"]}}],"collection":[{"href":"https:\/\/www.membranair.com\/index.php?rest_route=\/wp\/v2\/pages"}],"about":[{"href":"https:\/\/www.membranair.com\/index.php?rest_route=\/wp\/v2\/types\/page"}],"author":[{"embeddable":true,"href":"https:\/\/www.membranair.com\/index.php?rest_route=\/wp\/v2\/users\/1"}],"replies":[{"embeddable":true,"href":"https:\/\/www.membranair.com\/index.php?rest_route=%2Fwp%2Fv2%2Fcomments&post=87"}],"version-history":[{"count":25,"href":"https:\/\/www.membranair.com\/index.php?rest_route=\/wp\/v2\/pages\/87\/revisions"}],"predecessor-version":[{"id":138,"href":"https:\/\/www.membranair.com\/index.php?rest_route=\/wp\/v2\/pages\/87\/revisions\/138"}],"wp:attachment":[{"href":"https:\/\/www.membranair.com\/index.php?rest_route=%2Fwp%2Fv2%2Fmedia&parent=87"}],"curies":[{"name":"wp","href":"https:\/\/api.w.org\/{rel}","templated":true}]}}